{"id":3977,"date":"2014-12-26T19:31:58","date_gmt":"2014-12-26T18:31:58","guid":{"rendered":"https:\/\/www.netsfive.com\/?page_id=3977"},"modified":"2022-04-04T17:39:46","modified_gmt":"2022-04-04T16:39:46","slug":"homepage","status":"publish","type":"page","link":"https:\/\/www.netsfive.com\/en\/","title":{"rendered":"Homepage"},"content":{"rendered":"<div id='layer_slider_1'  class='avia-layerslider main_color avia-shadow  avia-builder-el-0  el_before_av_one_full  avia-builder-el-first  container_wrap sidebar_right' style='  height: 371px;' ><\/div><div id='after_layer_slider_1'  class='main_color av_default_container_wrap container_wrap sidebar_right' style=' '  ><div class='container' ><div class='template-page content  av-content-small alpha units'><div class='post-entry post-entry-type-page post-entry-3977'><div class='entry-content-wrapper clearfix'>\n<div class=\"flex_column av_one_full  flex_column_div first  avia-builder-el-1  el_after_av_layerslider  el_before_av_one_half  avia-builder-el-first  \" ><section class=\"av_textblock_section \"  itemscope=\"itemscope\" itemtype=\"https:\/\/schema.org\/CreativeWork\" ><div class='avia_textblock  '   itemprop=\"text\" ><h1 style=\"text-align: left\">Net\u2019sFive en quelques mots<\/h1>\n<\/div><\/section><br \/>\n<section class=\"av_textblock_section \"  itemscope=\"itemscope\" itemtype=\"https:\/\/schema.org\/CreativeWork\" ><div class='avia_textblock  '   itemprop=\"text\" ><p>Cabinet d\u2019experts en management de projet, nous intervenons dans tous les domaines de l\u2019entreprise, qu\u2019elle soit du secteur public ou priv\u00e9. Nous assistons les entreprises dans leur d\u00e9veloppement par:<\/p>\n<ul>\n<li><span style=\"font-style: inherit;font-weight: inherit\">l\u2019optimisation de leur organisation<\/span><\/li>\n<li><span style=\"font-style: inherit;font-weight: inherit\">l\u2019accompagnement \u00e0 la conduite de leurs projets<\/span><\/li>\n<li>le d\u00e9veloppement de leur portefeuille de services<\/li>\n<\/ul>\n<p>Nous dispensons des formations adapt\u00e9es au contexte et aux besoins des entreprises, bas\u00e9es sur des probl\u00e9matiques et cas r\u00e9els de celles-ci.<\/p>\n<\/div><\/section><br \/>\n<div   class='hr hr-short hr-center   avia-builder-el-4  el_after_av_textblock  avia-builder-el-last '><span class='hr-inner ' ><span class='hr-inner-style'><\/span><\/span><\/div><\/p><\/div>\n<div class=\"flex_column av_one_half  flex_column_div first  avia-builder-el-5  el_after_av_one_full  el_before_av_one_half  column-top-margin\" ><section class=\"av_textblock_section \"  itemscope=\"itemscope\" itemtype=\"https:\/\/schema.org\/CreativeWork\" ><div class='avia_textblock  '   itemprop=\"text\" ><h3 style=\"text-align: right\">Nos expertises (conseil et formation)<\/h3>\n<\/div><\/section><br \/>\n<div  class='avia-icon-list-container   avia-builder-el-7  el_after_av_textblock  avia-builder-el-last '><ul class='avia-icon-list avia-icon-list-right av-iconlist-big avia_animate_when_almost_visible avia-iconlist-animate'>\n<li><div  class='iconlist_icon  avia-font-entypo-fontello'><span class='iconlist-char ' aria-hidden='true' data-av_icon='\ue812' data-av_iconfont='entypo-fontello'><\/span><\/div><article class=\"article-icon-entry \"  itemscope=\"itemscope\" itemtype=\"https:\/\/schema.org\/CreativeWork\" ><div class='iconlist_content_wrap'><header class=\"entry-content-header\"><h4 class='av_iconlist_title iconlist_title   '  itemprop=\"headline\"  >PROJETS<\/h4><\/header><div class='iconlist_content  '  itemprop=\"text\"  ><p style=\"text-align: right\">Gestion de projet &#8211; Redressement de projet &#8211; Management de portefeuille de projets<\/p>\n<\/div><\/div><footer class=\"entry-footer\"><\/footer><\/article><div class='iconlist-timeline'><\/div><\/li>\n<li><div  class='iconlist_icon  avia-font-entypo-fontello'><span class='iconlist-char ' aria-hidden='true' data-av_icon='\ue812' data-av_iconfont='entypo-fontello'><\/span><\/div><article class=\"article-icon-entry \"  itemscope=\"itemscope\" itemtype=\"https:\/\/schema.org\/CreativeWork\" ><div class='iconlist_content_wrap'><header class=\"entry-content-header\"><h4 class='av_iconlist_title iconlist_title   '  itemprop=\"headline\"  >ORGANISATION<\/h4><\/header><div class='iconlist_content  '  itemprop=\"text\"  ><p style=\"text-align: right\">Management par projet \u2013 Optimisation des organisations<\/p>\n<\/div><\/div><footer class=\"entry-footer\"><\/footer><\/article><div class='iconlist-timeline'><\/div><\/li>\n<li><div  class='iconlist_icon  avia-font-entypo-fontello'><span class='iconlist-char ' aria-hidden='true' data-av_icon='\ue812' data-av_iconfont='entypo-fontello'><\/span><\/div><article class=\"article-icon-entry \"  itemscope=\"itemscope\" itemtype=\"https:\/\/schema.org\/CreativeWork\" ><div class='iconlist_content_wrap'><header class=\"entry-content-header\"><h4 class='av_iconlist_title iconlist_title   '  itemprop=\"headline\"  >EQUIPES<\/h4><\/header><div class='iconlist_content  '  itemprop=\"text\"  ><p style=\"text-align: right\">Management d\u2019\u00e9quipes &#8211; D\u00e9veloppement personnel &#8211; Accompagnement au changement<\/p>\n<\/div><\/div><footer class=\"entry-footer\"><\/footer><\/article><div class='iconlist-timeline'><\/div><\/li>\n<li><div  class='iconlist_icon  avia-font-entypo-fontello'><span class='iconlist-char ' aria-hidden='true' data-av_icon='\ue812' data-av_iconfont='entypo-fontello'><\/span><\/div><article class=\"article-icon-entry \"  itemscope=\"itemscope\" itemtype=\"https:\/\/schema.org\/CreativeWork\" ><div class='iconlist_content_wrap'><header class=\"entry-content-header\"><h4 class='av_iconlist_title iconlist_title   '  itemprop=\"headline\"  >SERVICES<\/h4><\/header><div class='iconlist_content  '  itemprop=\"text\"  ><p style=\"text-align: right\">Aide \u00e0 la cr\u00e9ation ou am\u00e9lioration d\u2019offres de service<\/p>\n<\/div><\/div><footer class=\"entry-footer\"><\/footer><\/article><div class='iconlist-timeline'><\/div><\/li>\n<li><div  class='iconlist_icon  avia-font-entypo-fontello'><span class='iconlist-char ' aria-hidden='true' data-av_icon='\ue812' data-av_iconfont='entypo-fontello'><\/span><\/div><article class=\"article-icon-entry \"  itemscope=\"itemscope\" itemtype=\"https:\/\/schema.org\/CreativeWork\" ><div class='iconlist_content_wrap'><header class=\"entry-content-header\"><h4 class='av_iconlist_title iconlist_title   '  itemprop=\"headline\"  >PROGICIELS<\/h4><\/header><div class='iconlist_content  '  itemprop=\"text\"  ><p style=\"text-align: right\">Aide au choix et \u00e0 la mise en place de progiciels<\/p>\n<\/div><\/div><footer class=\"entry-footer\"><\/footer><\/article><div class='iconlist-timeline'><\/div><\/li>\n<li><div  class='iconlist_icon  avia-font-entypo-fontello'><span class='iconlist-char ' aria-hidden='true' data-av_icon='\ue812' data-av_iconfont='entypo-fontello'><\/span><\/div><article class=\"article-icon-entry \"  itemscope=\"itemscope\" itemtype=\"https:\/\/schema.org\/CreativeWork\" ><div class='iconlist_content_wrap'><header class=\"entry-content-header\"><h4 class='av_iconlist_title iconlist_title   '  itemprop=\"headline\"  >RGPD<\/h4><\/header><div class='iconlist_content  '  itemprop=\"text\"  ><p style=\"text-align: right\">Accompagnement pour la mise en \u0153uvre du RGPD<\/p>\n<\/div><\/div><footer class=\"entry-footer\"><\/footer><\/article><div class='iconlist-timeline'><\/div><\/li>\n<\/ul><\/div><\/p><\/div><div class=\"flex_column av_one_half  flex_column_div   avia-builder-el-8  el_after_av_one_half  el_before_av_one_full  column-top-margin\" ><section class=\"av_textblock_section \"  itemscope=\"itemscope\" itemtype=\"https:\/\/schema.org\/CreativeWork\" ><div class='avia_textblock  '   itemprop=\"text\" ><h3>Secteurs d\u2019activit\u00e9 de nos clients<\/h3>\n<\/div><\/section><br \/>\n<div  class='avia-icon-list-container   avia-builder-el-10  el_after_av_textblock  avia-builder-el-last '><ul class='avia-icon-list avia-icon-list-left av-iconlist-big avia_animate_when_almost_visible avia-iconlist-animate'>\n<li><div  class='iconlist_icon  avia-font-entypo-fontello'><span class='iconlist-char ' aria-hidden='true' data-av_icon='\ue855' data-av_iconfont='entypo-fontello'><\/span><\/div><article class=\"article-icon-entry \"  itemscope=\"itemscope\" itemtype=\"https:\/\/schema.org\/CreativeWork\" ><div class='iconlist_content_wrap'><header class=\"entry-content-header\"><h4 class='av_iconlist_title iconlist_title   '  itemprop=\"headline\"  >Industrie<\/h4><\/header><div class='iconlist_content  '  itemprop=\"text\"  ><p>Pharmaceutique &#8211; BTP &#8211; Automobile &#8211; Parfumerie &#8211; Manufacture<\/p>\n<\/div><\/div><footer class=\"entry-footer\"><\/footer><\/article><div class='iconlist-timeline'><\/div><\/li>\n<li><div  class='iconlist_icon  avia-font-entypo-fontello'><span class='iconlist-char ' aria-hidden='true' data-av_icon='\ue8e1' data-av_iconfont='entypo-fontello'><\/span><\/div><article class=\"article-icon-entry \"  itemscope=\"itemscope\" itemtype=\"https:\/\/schema.org\/CreativeWork\" ><div class='iconlist_content_wrap'><header class=\"entry-content-header\"><h4 class='av_iconlist_title iconlist_title   '  itemprop=\"headline\"  >Services<\/h4><\/header><div class='iconlist_content  '  itemprop=\"text\"  ><p>Informatique &#8211; T\u00e9l\u00e9com &#8211; Finance<\/p>\n<\/div><\/div><footer class=\"entry-footer\"><\/footer><\/article><div class='iconlist-timeline'><\/div><\/li>\n<li><div  class='iconlist_icon  avia-font-entypo-fontello'><span class='iconlist-char ' aria-hidden='true' data-av_icon='\ue821' data-av_iconfont='entypo-fontello'><\/span><\/div><article class=\"article-icon-entry \"  itemscope=\"itemscope\" itemtype=\"https:\/\/schema.org\/CreativeWork\" ><div class='iconlist_content_wrap'><header class=\"entry-content-header\"><h4 class='av_iconlist_title iconlist_title   '  itemprop=\"headline\"  >Secteur Public<\/h4><\/header><div class='iconlist_content  '  itemprop=\"text\"  ><p>Collectivit\u00e9s territoriales &#8211; Mairies &#8211; Institutions &#8211; Sant\u00e9<br \/>\n<img loading=\"lazy\" decoding=\"async\" class=\"alignnone size-full wp-image-3271\" src=\"https:\/\/www.netsfive.com\/wp-content\/uploads\/2013\/04\/espaceVide.jpg\" width=\"9\" height=\"9\" \/><\/p>\n<\/div><\/div><footer class=\"entry-footer\"><\/footer><\/article><div class='iconlist-timeline'><\/div><\/li>\n<li><div  class='iconlist_icon  avia-font-entypo-fontello'><span class='iconlist-char ' aria-hidden='true' data-av_icon='\ue80b' data-av_iconfont='entypo-fontello'><\/span><\/div><article class=\"article-icon-entry \"  itemscope=\"itemscope\" itemtype=\"https:\/\/schema.org\/CreativeWork\" ><div class='iconlist_content_wrap'><header class=\"entry-content-header\"><h4 class='av_iconlist_title iconlist_title   '  itemprop=\"headline\"  >Associations<\/h4><\/header><div class='iconlist_content  '  itemprop=\"text\"  ><p>Social &#8211; Environnement &#8211; \u00c9conomie<\/p>\n<\/div><\/div><footer class=\"entry-footer\"><\/footer><\/article><div class='iconlist-timeline'><\/div><\/li>\n<\/ul><\/div><\/p><\/div><\/p>\n<div class=\"flex_column av_one_full  flex_column_div first  avia-builder-el-11  el_after_av_one_half  el_before_av_section  avia-builder-el-last  column-top-margin\" ><p><div   class='hr hr-short hr-center   avia-builder-el-12  el_before_av_button  avia-builder-el-first '><span class='hr-inner ' ><span class='hr-inner-style'><\/span><\/span><\/div><br \/>\n<div  class='avia-button-wrap avia-button-center  avia-builder-el-13  el_after_av_hr  avia-builder-el-last ' ><a href='https:\/\/www.netsfive.com\/en\/?page_id=4060'  class='avia-button  avia-color-orange   avia-icon_select-yes-left-icon avia-size-large avia-position-center '   ><span class='avia_button_icon avia_button_icon_left ' aria-hidden='true' data-av_icon='\ue805' data-av_iconfont='entypo-fontello'><\/span><span class='avia_iconbox_title' >Nous contacter<\/span><\/a><\/div><\/p><\/div>\n<\/div><\/div><\/div><!-- close content main div --><\/div><\/div><div id='av_section_1'  class='avia-section alternate_color avia-section-large avia-shadow  avia-bg-style-parallax  avia-builder-el-14  el_after_av_one_full  avia-builder-el-last   container_wrap sidebar_right' style=' '  ><div class='container' ><div class='template-page content  av-content-small alpha units'><div class='post-entry post-entry-type-page post-entry-3977'><div class='entry-content-wrapper clearfix'>\n<section class=\"av_textblock_section \"  itemscope=\"itemscope\" itemtype=\"https:\/\/schema.org\/CreativeWork\" ><div class='avia_textblock  '   itemprop=\"text\" ><h2 style=\"text-align: center\">Nos clients t\u00e9moignent<\/h2>\n<\/div><\/section>\n<div   class='hr hr-short hr-center   avia-builder-el-16  el_after_av_textblock  el_before_av_testimonials '><span class='hr-inner ' ><span class='hr-inner-style'><\/span><\/span><\/div>\n<div   data-autoplay='1'  data-interval='5'  data-animation='fade'  data-hoverpause='1'  class='avia-testimonial-wrapper avia-grid-testimonials avia-grid-2-testimonials avia_animate_when_almost_visible   '>\n<section class ='avia-testimonial-row'><div class='avia-testimonial av_one_half flex_column no_margin avia-testimonial-row-1 avia-first-testimonial' ><div class='avia-testimonial_inner'  itemscope=\"itemscope\" itemtype=\"https:\/\/schema.org\/CreativeWork\" ><div class='avia-testimonial-image'  itemprop=\"image\"  style='background-image:url(https:\/\/www.netsfive.com\/wp-content\/uploads\/2013\/04\/image-lafarge.jpg);'><\/div><div class='avia-testimonial-content '  ><div class='avia-testimonial-markup-entry-content'  itemprop=\"text\" ><p><em>\u00ab Nous travaillons avec Net&#8217;sFive depuis des ann\u00e9es, en particulier dans le cas de projets de transformation majeurs. La m\u00e9thodologie et les outils de Net&#8217;sFive en mati\u00e8re de gestion de projet, ainsi que le professionnalisme et la disponibilit\u00e9 des intervenants nous ont permis de mener \u00e0 bien des projets de grande \u00e9chelle impliquant la quasi totalit\u00e9 de l&#8217;entreprise. \u00bb<\/em><\/p>\n<\/div><\/div><div class='avia-testimonial-meta'><div class='avia-testimonial-arrow-wrap'><div class='avia-arrow'><\/div><\/div><div class='avia-testimonial-meta-mini'  itemprop=\"author\" itemscope=\"itemscope\" itemtype=\"https:\/\/schema.org\/Person\" ><strong  class='avia-testimonial-name'    itemprop=\"name\" >Olivier GUILLUY<\/strong><span  class='avia-testimonial-subtitle '    itemprop=\"jobTitle\" >Managing Director LAFARGES PLATRES France<\/span><span class='hidden avia-testimonial-markup-link'  itemprop=\"url\" >http:\/\/www.lafarge.com\/<\/span> &ndash; <a class='aviablank avia-testimonial-link' href='http:\/\/www.lafarge.com\/' rel=\u2019noopener noreferrer\u2019>www.lafarge.com<\/a><\/div><\/div><\/div><\/div>\n<div class='avia-testimonial av_one_half flex_column no_margin avia-testimonial-row-1 avia-last-testimonial' ><div class='avia-testimonial_inner'  itemscope=\"itemscope\" itemtype=\"https:\/\/schema.org\/CreativeWork\" ><div class='avia-testimonial-image'  itemprop=\"image\"  style='background-image:url(https:\/\/www.netsfive.com\/wp-content\/uploads\/2014\/11\/image-Siniat.jpg);'><\/div><div class='avia-testimonial-content '  ><div class='avia-testimonial-markup-entry-content'  itemprop=\"text\" ><p><em>\u00ab\u00a0Nous avons confi\u00e9 \u00e0 Net\u2019sFive la mission de structurer et de dynamiser le processus du management de l&#8217;innovation. Cette mission a \u00e9t\u00e9 men\u00e9e avec talent tant au niveau relationnel avec les \u00e9quipes que qualitatif dans l&#8217;am\u00e9lioration du processus.<\/em><\/p>\n<p><em>Le pilotage dynamique de notre portefeuille des projets d\u2019innovation, la formation et l\u2019accompagnement des \u00e9quipes sont autant de sujets de satisfaction et d\u2019esp\u00e9rance pour l\u2019avenir.\u00a0\u00bb<\/em><\/p>\n<\/div><\/div><div class='avia-testimonial-meta'><div class='avia-testimonial-arrow-wrap'><div class='avia-arrow'><\/div><\/div><div class='avia-testimonial-meta-mini'  itemprop=\"author\" itemscope=\"itemscope\" itemtype=\"https:\/\/schema.org\/Person\" ><strong  class='avia-testimonial-name'    itemprop=\"name\" >Louis LUCAS<\/strong><span  class='avia-testimonial-subtitle '    itemprop=\"jobTitle\" >Directeur Marketing et Strat\u00e9gie, SINIAT SA<\/span><span class='hidden avia-testimonial-markup-link'  itemprop=\"url\" >http:\/\/siniat.com\/<\/span> &ndash; <a class='aviablank avia-testimonial-link' href='http:\/\/siniat.com\/' rel=\u2019noopener noreferrer\u2019>www.siniat.fr<\/a><\/div><\/div><\/div><\/div><\/section>\n<section class ='avia-testimonial-row'><div class='avia-testimonial av_one_half flex_column no_margin avia-testimonial-row-2 avia-first-testimonial' ><div class='avia-testimonial_inner'  itemscope=\"itemscope\" itemtype=\"https:\/\/schema.org\/CreativeWork\" ><div class='avia-testimonial-image'  itemprop=\"image\"  style='background-image:url(https:\/\/www.netsfive.com\/wp-content\/uploads\/2014\/11\/image-kappa.jpg);'><\/div><div class='avia-testimonial-content '  ><div class='avia-testimonial-markup-entry-content'  itemprop=\"text\" ><p><em>&#8220;La m\u00e9thodologie et les outils du management de projet nous ont permis de ma\u00eetriser parfaitement un projet strat\u00e9gique qui engageait la quasi-totalit\u00e9 de nos \u00e9quipes de d\u00e9veloppement. Toutes les \u00e9ch\u00e9ances ont \u00e9t\u00e9 respect\u00e9es avec une s\u00e9r\u00e9nit\u00e9 qui m\u2019a r\u00e9ellement \u00e9tonn\u00e9.&#8221;<\/em><\/p>\n<\/div><\/div><div class='avia-testimonial-meta'><div class='avia-testimonial-arrow-wrap'><div class='avia-arrow'><\/div><\/div><div class='avia-testimonial-meta-mini'  itemprop=\"author\" itemscope=\"itemscope\" itemtype=\"https:\/\/schema.org\/Person\" ><strong  class='avia-testimonial-name'    itemprop=\"name\" >Olivier HOUZE<\/strong><span  class='avia-testimonial-subtitle '    itemprop=\"jobTitle\" >Managing Director Kappa Engineering<\/span><span class='hidden avia-testimonial-markup-link'  itemprop=\"url\" >http:\/\/www.kappaeng.com\/<\/span> &ndash; <a class='aviablank avia-testimonial-link' href='http:\/\/www.kappaeng.com\/' rel=\u2019noopener noreferrer\u2019>www.kappaeng.com<\/a><\/div><\/div><\/div><\/div>\n<div class='avia-testimonial av_one_half flex_column no_margin avia-testimonial-row-2 avia-last-testimonial' ><div class='avia-testimonial_inner'  itemscope=\"itemscope\" itemtype=\"https:\/\/schema.org\/CreativeWork\" ><div class='avia-testimonial-image'  itemprop=\"image\"  style='background-image:url(https:\/\/www.netsfive.com\/wp-content\/uploads\/2014\/11\/image-cma.jpg);'><\/div><div class='avia-testimonial-content '  ><div class='avia-testimonial-markup-entry-content'  itemprop=\"text\" ><p><em>&#8220;Nous avons \u00e9t\u00e9 tr\u00e8s satisfaits de la prestation de Net\u2019sFive : rapidit\u00e9, efficacit\u00e9 et disponibilit\u00e9 ont \u00e9t\u00e9 les ma\u00eetres mots. Leur expertise nous a permis d\u2019une part d\u2019\u00e9tablir un diagnostic de l\u2019\u00e9tat de sant\u00e9 de notre accueil, d\u2019autre part de d\u00e9terminer diff\u00e9rentes solutions d\u2019am\u00e9lioration applicables \u00e0 court et moyen terme.&#8221;<\/em><\/p>\n<\/div><\/div><div class='avia-testimonial-meta'><div class='avia-testimonial-arrow-wrap'><div class='avia-arrow'><\/div><\/div><div class='avia-testimonial-meta-mini'  itemprop=\"author\" itemscope=\"itemscope\" itemtype=\"https:\/\/schema.org\/Person\" ><strong  class='avia-testimonial-name'    itemprop=\"name\" >Aymeric DEGLAIRE<\/strong><span  class='avia-testimonial-subtitle '    itemprop=\"jobTitle\" >Secr\u00e9taire G\u00e9n\u00e9ral CMA-84<\/span><span class='hidden avia-testimonial-markup-link'  itemprop=\"url\" >http:\/\/www.cma84.fr\/<\/span> &ndash; <a class='aviablank avia-testimonial-link' href='http:\/\/www.cma84.fr\/' rel=\u2019noopener noreferrer\u2019>www.cma84.fr<\/a><\/div><\/div><\/div><\/div><\/section>\n<\/div>\n<\/div><\/div><\/div><!-- close content main div --><\/div><\/div><div id='after_section_1'  class='main_color av_default_container_wrap container_wrap sidebar_right' style=' '  ><div class='container' ><div class='template-page content  av-content-small alpha units'><div class='post-entry post-entry-type-page post-entry-3977'><div class='entry-content-wrapper clearfix'>\n","protected":false},"excerpt":{"rendered":"","protected":false},"author":5,"featured_media":0,"parent":0,"menu_order":0,"comment_status":"open","ping_status":"open","template":"","meta":{"om_disable_all_campaigns":false,"_monsterinsights_skip_tracking":false,"_monsterinsights_sitenote_active":false,"_monsterinsights_sitenote_note":"","_monsterinsights_sitenote_category":0,"footnotes":""},"class_list":["post-3977","page","type-page","status-publish","hentry"],"aioseo_notices":[],"amp_enabled":false,"_links":{"self":[{"href":"https:\/\/www.netsfive.com\/en\/wp-json\/wp\/v2\/pages\/3977","targetHints":{"allow":["GET"]}}],"collection":[{"href":"https:\/\/www.netsfive.com\/en\/wp-json\/wp\/v2\/pages"}],"about":[{"href":"https:\/\/www.netsfive.com\/en\/wp-json\/wp\/v2\/types\/page"}],"author":[{"embeddable":true,"href":"https:\/\/www.netsfive.com\/en\/wp-json\/wp\/v2\/users\/5"}],"replies":[{"embeddable":true,"href":"https:\/\/www.netsfive.com\/en\/wp-json\/wp\/v2\/comments?post=3977"}],"version-history":[{"count":0,"href":"https:\/\/www.netsfive.com\/en\/wp-json\/wp\/v2\/pages\/3977\/revisions"}],"wp:attachment":[{"href":"https:\/\/www.netsfive.com\/en\/wp-json\/wp\/v2\/media?parent=3977"}],"curies":[{"name":"wp","href":"https:\/\/api.w.org\/{rel}","templated":true}]}}